{"id":669,"date":"2021-02-07T18:47:11","date_gmt":"2021-02-07T17:47:11","guid":{"rendered":"https:\/\/hexe-esmeralda.de\/?page_id=669"},"modified":"2023-01-29T16:52:42","modified_gmt":"2023-01-29T15:52:42","slug":"beratung","status":"publish","type":"page","link":"https:\/\/hexe-esmeralda.de\/?page_id=669","title":{"rendered":"Beratung mit Tarot und Astrologie"},"content":{"rendered":"\n<h4 class=\"wp-block-heading\"><\/h4>\n\n\n\n<p><\/p>\n\n\n\n<p><\/p>\n\n\n\n<p><\/p>\n\n\n\n<h3 class=\"wp-block-heading\">Astrologische Beratung hilft vor allem wenn Sie<\/h3>\n\n\n\n<p><\/p>\n\n\n\n<ul class=\"wp-block-list\"><li>in schwierigen Lebensphasen Unterst\u00fctzung ben\u00f6tigen <\/li><li>vor wichtigen Entscheidungen eine Orientierungshilfe brauchen <\/li><li>Ihre Talente und St\u00e4rken kennenlernen und nutzen m\u00f6chten<\/li><\/ul>\n\n\n\n<p>Bei der astrologischen Beratung sprechen wir \u00fcber Ihre St\u00e4rken und Schw\u00e4chen, Ihre Talente und Berufung (Lebensaufgabe), aber auch \u00fcber Blockaden und \u00c4ngste. <\/p>\n\n\n\n<p>Im Beziehungshoroskop erkennen Sie wo es Gemeinsamkeiten aber auch Ungleichheiten und Reibungspunkte gibt, wo L\u00f6sungsm\u00f6glichkeiten und Chancen der Beziehung zu finden sind.<\/p>\n\n\n\n<p>Bei der Jahresvorschau erfahren Sie wo Ihre Energien sinnvoll eingesetzt werden k\u00f6nnen. <\/p>\n\n\n\n<p>F\u00fcr eine Astrologieberatung ben\u00f6tige ich die genauen Geburtsdaten, Tag, Monat, Jahr, Ort und Zeit.<\/p>\n\n\n\n<p><\/p>\n\n\n\n<h3 class=\"wp-block-heading\">Tarotberatung hilft vor allem wenn Sie <\/h3>\n\n\n\n<p><\/p>\n\n\n\n<ul class=\"wp-block-list\"><li>eine Standortbestimmung ben\u00f6tigen &#8211; wo stehe ich &#8211; was ist wichtig, was nicht <\/li><li>eine Entscheidungshilfe brauchen  <\/li><li>Tendenzen oder Perspektiven erfahren wollen <\/li><li>Hintergr\u00fcnde oder Ursachen einer Entwicklung hinterfragen m\u00f6chten <\/li><\/ul>\n\n\n\n<p>Tarotkarten sprechen in Bildern und Symbolen zu uns, wir \u00fcbersetzen die &#8222;Bilderspr\u00e4che der Seele&#8220; gemeinsam.  So erhalten wir wichtige Erkenntnisse und eine wertvolle Orientierungshilfe. Oft ist die L\u00f6sung eines Problems greifbar nahe und es bedarf nur eines kleinen Impulses zur Erkennung. <\/p>\n\n\n\n<p>Astrologie kann mit einer Tarotlegung verbunden werden. <\/p>\n\n\n\n<p>Anfragen oder Beratungstermine bitte per <a href=\"https:\/\/hexe-esmeralda.de\/?page_id=8\" data-type=\"page\" data-id=\"8\">Kontaktformular <\/a> oder  Tel. 09621\/710558<\/p>\n\n\n\n<p><\/p>\n\n\n\n<p><\/p>\n","protected":false},"excerpt":{"rendered":"<p>Astrologische Beratung hilft vor allem wenn Sie in schwierigen Lebensphasen Unterst\u00fctzung ben\u00f6tigen vor wichtigen Entscheidungen eine Orientierungshilfe brauchen Ihre Talente und St\u00e4rken kennenlernen und nutzen m\u00f6chten Bei der astrologischen Beratung sprechen wir \u00fcber Ihre St\u00e4rken und Schw\u00e4chen, Ihre Talente und Berufung (Lebensaufgabe), aber auch \u00fcber Blockaden und \u00c4ngste. Im Beziehungshoroskop erkennen Sie wo es Gemeinsamkeiten aber auch Ungleichheiten und Reibungspunkte gibt, wo L\u00f6sungsm\u00f6glichkeiten und Chancen der Beziehung zu finden sind. Bei der Jahresvorschau erfahren Sie wo Ihre Energien sinnvoll eingesetzt werden k\u00f6nnen. F\u00fcr eine Astrologieberatung ben\u00f6tige ich die genauen Geburtsdaten, Tag, Monat, Jahr, Ort und Zeit. Tarotberatung hilft vor allem wenn Sie eine Standortbestimmung ben\u00f6tigen &#8211; wo stehe ich &#8211; [&hellip;]<\/p>\n","protected":false},"author":1,"featured_media":0,"parent":0,"menu_order":0,"comment_status":"closed","ping_status":"closed","template":"","meta":{"footnotes":""},"class_list":["post-669","page","type-page","status-publish","hentry"],"_links":{"self":[{"href":"https:\/\/hexe-esmeralda.de\/index.php?rest_route=\/wp\/v2\/pages\/669","targetHints":{"allow":["GET"]}}],"collection":[{"href":"https:\/\/hexe-esmeralda.de\/index.php?rest_route=\/wp\/v2\/pages"}],"about":[{"href":"https:\/\/hexe-esmeralda.de\/index.php?rest_route=\/wp\/v2\/types\/page"}],"author":[{"embeddable":true,"href":"https:\/\/hexe-esmeralda.de\/index.php?rest_route=\/wp\/v2\/users\/1"}],"replies":[{"embeddable":true,"href":"https:\/\/hexe-esmeralda.de\/index.php?rest_route=%2Fwp%2Fv2%2Fcomments&post=669"}],"version-history":[{"count":14,"href":"https:\/\/hexe-esmeralda.de\/index.php?rest_route=\/wp\/v2\/pages\/669\/revisions"}],"predecessor-version":[{"id":895,"href":"https:\/\/hexe-esmeralda.de\/index.php?rest_route=\/wp\/v2\/pages\/669\/revisions\/895"}],"wp:attachment":[{"href":"https:\/\/hexe-esmeralda.de\/index.php?rest_route=%2Fwp%2Fv2%2Fmedia&parent=669"}],"curies":[{"name":"wp","href":"https:\/\/api.w.org\/{rel}","templated":true}]}}