{"id":18,"date":"2014-10-19T08:23:29","date_gmt":"2014-10-19T08:23:29","guid":{"rendered":"http:\/\/hexe-esmeralda.de\/?page_id=18"},"modified":"2014-11-09T17:59:34","modified_gmt":"2014-11-09T17:59:34","slug":"rituale","status":"publish","type":"page","link":"https:\/\/hexe-esmeralda.de\/?page_id=18","title":{"rendered":"Rituale"},"content":{"rendered":"<h1><\/h1>\n<h1>Geburtstagsritual<\/h1>\n<p>&nbsp;<\/p>\n<p>Ein besonderes Geschenk f\u00fcr einen uns lieben Menschen, ein Ritual f\u00fcr Gl\u00fcck, Liebe und ein gesundes Leben.<\/p>\n<p>&nbsp;<\/p>\n<p>Nach dem Reinigen des Ritualplatzes wird das Geburtstagskind in einen Ritualkreis gef\u00fchrt. Mit einer entz\u00fcndeten Wunschkerze soll dem Beschenkten einer seiner gr\u00f6\u00dften W\u00fcnsche erf\u00fcllt werden.<\/p>\n<p>&nbsp;<\/p>\n<p>Nach vorheriger Absprache wird dem Jubilar ein Heilstein, ein sch\u00fctzendes Kr\u00e4uterbeutelchen oder eine magische Rune \u00fcberreicht.<\/p>\n<p>&nbsp;<\/p>\n<p><strong>\u00a0<\/strong><\/p>\n<h1>Liebeszauber<\/h1>\n<p>&nbsp;<\/p>\n<p>&nbsp;<\/p>\n<p>Wir alle sehnen uns nach Liebe, daf\u00fcr hat die Magie traditionell sehr viele Rezepte.<\/p>\n<p>Ob einen Partner herbeirufen f\u00fcr ein romanisches Abenteuer oder eine feste Beziehung \u2013 alles ist m\u00f6glich.<\/p>\n<p>&nbsp;<\/p>\n<p>&nbsp;<\/p>\n<p>In Liebe und Licht<\/p>\n<p>Esmeralda<\/p>\n<p>&nbsp;<\/p>\n","protected":false},"excerpt":{"rendered":"<p>Geburtstagsritual &nbsp; Ein besonderes Geschenk f\u00fcr einen uns lieben Menschen, ein Ritual f\u00fcr Gl\u00fcck, Liebe und ein gesundes Leben. &nbsp; Nach dem Reinigen des Ritualplatzes wird das Geburtstagskind in einen Ritualkreis gef\u00fchrt. Mit einer entz\u00fcndeten Wunschkerze soll dem Beschenkten einer seiner gr\u00f6\u00dften W\u00fcnsche erf\u00fcllt werden. &nbsp; Nach vorheriger Absprache wird dem Jubilar ein Heilstein, ein sch\u00fctzendes Kr\u00e4uterbeutelchen oder eine magische Rune \u00fcberreicht. &nbsp; \u00a0 Liebeszauber &nbsp; &nbsp; Wir alle sehnen uns nach Liebe, daf\u00fcr hat die Magie traditionell sehr viele Rezepte. Ob einen Partner herbeirufen f\u00fcr ein romanisches Abenteuer oder eine feste Beziehung \u2013 alles ist m\u00f6glich. &nbsp; &nbsp; In Liebe und Licht Esmeralda &nbsp;<\/p>\n","protected":false},"author":1,"featured_media":0,"parent":0,"menu_order":2,"comment_status":"closed","ping_status":"closed","template":"","meta":{"footnotes":""},"class_list":["post-18","page","type-page","status-publish","hentry"],"_links":{"self":[{"href":"https:\/\/hexe-esmeralda.de\/index.php?rest_route=\/wp\/v2\/pages\/18","targetHints":{"allow":["GET"]}}],"collection":[{"href":"https:\/\/hexe-esmeralda.de\/index.php?rest_route=\/wp\/v2\/pages"}],"about":[{"href":"https:\/\/hexe-esmeralda.de\/index.php?rest_route=\/wp\/v2\/types\/page"}],"author":[{"embeddable":true,"href":"https:\/\/hexe-esmeralda.de\/index.php?rest_route=\/wp\/v2\/users\/1"}],"replies":[{"embeddable":true,"href":"https:\/\/hexe-esmeralda.de\/index.php?rest_route=%2Fwp%2Fv2%2Fcomments&post=18"}],"version-history":[{"count":6,"href":"https:\/\/hexe-esmeralda.de\/index.php?rest_route=\/wp\/v2\/pages\/18\/revisions"}],"predecessor-version":[{"id":70,"href":"https:\/\/hexe-esmeralda.de\/index.php?rest_route=\/wp\/v2\/pages\/18\/revisions\/70"}],"wp:attachment":[{"href":"https:\/\/hexe-esmeralda.de\/index.php?rest_route=%2Fwp%2Fv2%2Fmedia&parent=18"}],"curies":[{"name":"wp","href":"https:\/\/api.w.org\/{rel}","templated":true}]}}